{"id":13862,"date":"2019-08-29T16:12:36","date_gmt":"2019-08-29T16:12:36","guid":{"rendered":"https:\/\/themes.pixelwars.org\/ikonik\/demo-01\/?page_id=6"},"modified":"2020-02-16T18:10:51","modified_gmt":"2020-02-16T17:10:51","slug":"czarek-rebech","status":"publish","type":"page","link":"http:\/\/rebech.pl\/","title":{"rendered":"Strona g\u0142\u00f3wna"},"content":{"rendered":"","protected":false},"excerpt":{"rendered":"","protected":false},"author":1,"featured_media":0,"parent":0,"menu_order":0,"comment_status":"closed","ping_status":"closed","template":"page_template-home.php","meta":{"inline_featured_image":false,"_monsterinsights_skip_tracking":false,"_monsterinsights_sitenote_active":false,"_monsterinsights_sitenote_note":"","_monsterinsights_sitenote_category":0},"yoast_head":"<!-- This site is optimized with the Yoast SEO plugin v19.1 - https:\/\/yoast.com\/wordpress\/plugins\/seo\/ -->\n<title>Strona g\u0142\u00f3wna | Czarek Rebech<\/title>\n<meta name=\"description\" content=\"Nazywam si\u0119 Czarek Rebech, jestem projektantem i fotografem. Zapraszam do zapoznania si\u0119 moimi pracami w portfolio \u2013 mam nadziej\u0119, \u017ce Ci si\u0119 spodobaj\u0105.\" \/>\n<meta name=\"robots\" content=\"index, follow, max-snippet:-1, max-image-preview:large, max-video-preview:-1\" \/>\n<link rel=\"canonical\" href=\"http:\/\/rebech.pl\/\" \/>\n<meta property=\"og:locale\" content=\"pl_PL\" \/>\n<meta property=\"og:type\" content=\"article\" \/>\n<meta property=\"og:title\" content=\"Strona g\u0142\u00f3wna | Czarek Rebech\" \/>\n<meta property=\"og:description\" content=\"Nazywam si\u0119 Czarek Rebech, jestem projektantem i fotografem. Zapraszam do zapoznania si\u0119 moimi pracami w portfolio \u2013 mam nadziej\u0119, \u017ce Ci si\u0119 spodobaj\u0105.\" \/>\n<meta property=\"og:url\" content=\"http:\/\/rebech.pl\/\" \/>\n<meta property=\"og:site_name\" content=\"Czarek Rebech\" \/>\n<meta property=\"article:modified_time\" content=\"2020-02-16T17:10:51+00:00\" \/>\n<meta name=\"twitter:card\" content=\"summary_large_image\" \/>\n<script type=\"application\/ld+json\" class=\"yoast-schema-graph\">{\"@context\":\"https:\/\/schema.org\",\"@graph\":[{\"@type\":[\"Person\",\"Organization\"],\"@id\":\"http:\/\/rebech.pl\/#\/schema\/person\/df088b6149ae8690ed86553f901b49e0\",\"name\":\"Czarek Rebech\",\"image\":{\"@type\":\"ImageObject\",\"inLanguage\":\"pl-PL\",\"@id\":\"http:\/\/rebech.pl\/#\/schema\/person\/image\/\",\"url\":\"http:\/\/2.gravatar.com\/avatar\/e3f5497970c929a54ca68924684801e2?s=96&d=mm&r=g\",\"contentUrl\":\"http:\/\/2.gravatar.com\/avatar\/e3f5497970c929a54ca68924684801e2?s=96&d=mm&r=g\",\"caption\":\"Czarek Rebech\"},\"logo\":{\"@id\":\"http:\/\/rebech.pl\/#\/schema\/person\/image\/\"}},{\"@type\":\"WebSite\",\"@id\":\"http:\/\/rebech.pl\/#website\",\"url\":\"http:\/\/rebech.pl\/\",\"name\":\"Czarek Rebech | grafika, fotografia\",\"description\":\"Projekty graficzne i fotograficzne\",\"publisher\":{\"@id\":\"http:\/\/rebech.pl\/#\/schema\/person\/df088b6149ae8690ed86553f901b49e0\"},\"potentialAction\":[{\"@type\":\"SearchAction\",\"target\":{\"@type\":\"EntryPoint\",\"urlTemplate\":\"http:\/\/rebech.pl\/?s={search_term_string}\"},\"query-input\":\"required name=search_term_string\"}],\"inLanguage\":\"pl-PL\"},{\"@type\":\"WebPage\",\"@id\":\"http:\/\/rebech.pl\/#webpage\",\"url\":\"http:\/\/rebech.pl\/\",\"name\":\"Strona g\u0142\u00f3wna | Czarek Rebech\",\"isPartOf\":{\"@id\":\"http:\/\/rebech.pl\/#website\"},\"datePublished\":\"2019-08-29T16:12:36+00:00\",\"dateModified\":\"2020-02-16T17:10:51+00:00\",\"description\":\"Nazywam si\u0119 Czarek Rebech, jestem projektantem i fotografem. Zapraszam do zapoznania si\u0119 moimi pracami w portfolio \u2013 mam nadziej\u0119, \u017ce Ci si\u0119 spodobaj\u0105.\",\"breadcrumb\":{\"@id\":\"http:\/\/rebech.pl\/#breadcrumb\"},\"inLanguage\":\"pl-PL\",\"potentialAction\":[{\"@type\":\"ReadAction\",\"target\":[\"http:\/\/rebech.pl\/\"]}]},{\"@type\":\"BreadcrumbList\",\"@id\":\"http:\/\/rebech.pl\/#breadcrumb\",\"itemListElement\":[{\"@type\":\"ListItem\",\"position\":1,\"name\":\"Strona g\u0142\u00f3wna\",\"item\":\"http:\/\/rebech.pl\/\"},{\"@type\":\"ListItem\",\"position\":2,\"name\":\"Strona g\u0142\u00f3wna\"}]}]}<\/script>\n<!-- \/ Yoast SEO plugin. -->","yoast_head_json":{"title":"Strona g\u0142\u00f3wna | Czarek Rebech","description":"Nazywam si\u0119 Czarek Rebech, jestem projektantem i fotografem. Zapraszam do zapoznania si\u0119 moimi pracami w portfolio \u2013 mam nadziej\u0119, \u017ce Ci si\u0119 spodobaj\u0105.","robots":{"index":"index","follow":"follow","max-snippet":"max-snippet:-1","max-image-preview":"max-image-preview:large","max-video-preview":"max-video-preview:-1"},"canonical":"http:\/\/rebech.pl\/","og_locale":"pl_PL","og_type":"article","og_title":"Strona g\u0142\u00f3wna | Czarek Rebech","og_description":"Nazywam si\u0119 Czarek Rebech, jestem projektantem i fotografem. Zapraszam do zapoznania si\u0119 moimi pracami w portfolio \u2013 mam nadziej\u0119, \u017ce Ci si\u0119 spodobaj\u0105.","og_url":"http:\/\/rebech.pl\/","og_site_name":"Czarek Rebech","article_modified_time":"2020-02-16T17:10:51+00:00","twitter_card":"summary_large_image","schema":{"@context":"https:\/\/schema.org","@graph":[{"@type":["Person","Organization"],"@id":"http:\/\/rebech.pl\/#\/schema\/person\/df088b6149ae8690ed86553f901b49e0","name":"Czarek Rebech","image":{"@type":"ImageObject","inLanguage":"pl-PL","@id":"http:\/\/rebech.pl\/#\/schema\/person\/image\/","url":"http:\/\/2.gravatar.com\/avatar\/e3f5497970c929a54ca68924684801e2?s=96&d=mm&r=g","contentUrl":"http:\/\/2.gravatar.com\/avatar\/e3f5497970c929a54ca68924684801e2?s=96&d=mm&r=g","caption":"Czarek Rebech"},"logo":{"@id":"http:\/\/rebech.pl\/#\/schema\/person\/image\/"}},{"@type":"WebSite","@id":"http:\/\/rebech.pl\/#website","url":"http:\/\/rebech.pl\/","name":"Czarek Rebech | grafika, fotografia","description":"Projekty graficzne i fotograficzne","publisher":{"@id":"http:\/\/rebech.pl\/#\/schema\/person\/df088b6149ae8690ed86553f901b49e0"},"potentialAction":[{"@type":"SearchAction","target":{"@type":"EntryPoint","urlTemplate":"http:\/\/rebech.pl\/?s={search_term_string}"},"query-input":"required name=search_term_string"}],"inLanguage":"pl-PL"},{"@type":"WebPage","@id":"http:\/\/rebech.pl\/#webpage","url":"http:\/\/rebech.pl\/","name":"Strona g\u0142\u00f3wna | Czarek Rebech","isPartOf":{"@id":"http:\/\/rebech.pl\/#website"},"datePublished":"2019-08-29T16:12:36+00:00","dateModified":"2020-02-16T17:10:51+00:00","description":"Nazywam si\u0119 Czarek Rebech, jestem projektantem i fotografem. Zapraszam do zapoznania si\u0119 moimi pracami w portfolio \u2013 mam nadziej\u0119, \u017ce Ci si\u0119 spodobaj\u0105.","breadcrumb":{"@id":"http:\/\/rebech.pl\/#breadcrumb"},"inLanguage":"pl-PL","potentialAction":[{"@type":"ReadAction","target":["http:\/\/rebech.pl\/"]}]},{"@type":"BreadcrumbList","@id":"http:\/\/rebech.pl\/#breadcrumb","itemListElement":[{"@type":"ListItem","position":1,"name":"Strona g\u0142\u00f3wna","item":"http:\/\/rebech.pl\/"},{"@type":"ListItem","position":2,"name":"Strona g\u0142\u00f3wna"}]}]}},"_links":{"self":[{"href":"http:\/\/rebech.pl\/index.php\/wp-json\/wp\/v2\/pages\/13862"}],"collection":[{"href":"http:\/\/rebech.pl\/index.php\/wp-json\/wp\/v2\/pages"}],"about":[{"href":"http:\/\/rebech.pl\/index.php\/wp-json\/wp\/v2\/types\/page"}],"author":[{"embeddable":true,"href":"http:\/\/rebech.pl\/index.php\/wp-json\/wp\/v2\/users\/1"}],"replies":[{"embeddable":true,"href":"http:\/\/rebech.pl\/index.php\/wp-json\/wp\/v2\/comments?post=13862"}],"version-history":[{"count":2,"href":"http:\/\/rebech.pl\/index.php\/wp-json\/wp\/v2\/pages\/13862\/revisions"}],"predecessor-version":[{"id":14115,"href":"http:\/\/rebech.pl\/index.php\/wp-json\/wp\/v2\/pages\/13862\/revisions\/14115"}],"wp:attachment":[{"href":"http:\/\/rebech.pl\/index.php\/wp-json\/wp\/v2\/media?parent=13862"}],"curies":[{"name":"wp","href":"https:\/\/api.w.org\/{rel}","templated":true}]}}